{"id":27,"date":"2024-03-25T16:10:15","date_gmt":"2024-03-25T16:10:15","guid":{"rendered":"https:\/\/swanasa.com\/?page_id=27"},"modified":"2026-03-30T17:27:14","modified_gmt":"2026-03-30T17:27:14","slug":"koncertek","status":"publish","type":"page","link":"https:\/\/swanasa.com\/en\/koncertek\/","title":{"rendered":"Performances"},"content":{"rendered":"<div class=\"et_pb_section_0 et_pb_section et_section_regular et_block_section\">\n<div class=\"et_pb_row_0 et_pb_row et_pb_row_1-4_3-4 et_block_row et_block_row_1-4_3-4\">\n<div class=\"et_pb_column_0 et_pb_column et_pb_column_1_4 et_block_column et_pb_css_mix_blend_mode_passthrough\">\n<div class=\"et_pb_text_0 et_pb_text et_pb_bg_layout_light et_clickable et_pb_module et_block_module\"><div class=\"et_pb_text_inner\"><h1>swanasa<\/h1>\n<\/div><\/div>\n\n<div class=\"et_pb_text_1 et_pb_text et_pb_bg_layout_light et_pb_module et_block_module\"><div class=\"et_pb_text_inner\"><h3>: concerts<\/h3>\n<\/div><\/div>\n<\/div>\n\n<div class=\"et_pb_column_1 et_pb_column et_pb_column_3_4 et-last-child et_block_column et_pb_css_mix_blend_mode_passthrough\">\n<div class=\"et_pb_text_2 et_pb_text et_pb_bg_layout_light et_pb_module et_block_module\"><div class=\"et_pb_text_inner\"><p><span>2026<\/span><\/p>\n<p>30\u00a0 JUL\u00a0 \u00a0OZORA Festival, Main stage, D\u00e1dpuszta (HU)<\/p>\n<p>28 JUL\u00a0 \u00a0 OZORA Festival, Ambyss stage, D\u00e1dpuszta (HU)<\/p>\n<p><span>09\u00a0 JUL\u00a0 \u00a0MANAS Festival, Lengyelt\u00f3ti (HU)<\/span><\/p>\n<p><span>02 JUL\u00a0 \u00a0 \u00a0V\u00e9n\u00e9gy Festival, Nagymaros (HU)<\/span><\/p>\n<p><span>09 MAY\u00a0 \u00a0Time to express, NoSpace, Budapest (HU)<\/span><\/p>\n<p><span>24 APR\u00a0 \u00a0 INTONAL Festival, Malm\u00f6 (SE) <\/span><\/p>\n<p><span>23 JAN\u00a0 \u00a0 \u00a0<\/span><span>Magyar Zene H\u00e1za, Budapest \u2014 supporting Rafael Anton Irisarri<\/span><\/p>\n<\/div><\/div>\n\n<div class=\"et_pb_text_3 et_pb_text et_pb_bg_layout_light et_pb_module et_block_module\"><div class=\"et_pb_text_inner\"><p>2025<\/p>\n<p><span>31 DEC\u00a0 \u00a0 Klang Listening session, P\u00e9cs (HU)<\/span><\/p>\n<p><span>27 AUG - 06 SEPT\u00a0 \u00a0LTK4, <\/span><span>International Forest Exhibition 2025, Cologne (DE)<\/span><br \/><em>\u00a0 \u00a0 \u00a0 \u00a0 \u00a0 \u00a0 \u00a0 \u00a0 \u00a0 \u00a0<i>FOREST.HUMAN.ANALOG.DIGITAL.-SYSTEM FLOW\u00a0<\/i> <\/em><em><\/em><\/p>\n<p>28 AUG\u00a0 \u00a0 INOTA Fesztiv\u00e1l, V\u00e1rpalota<\/p>\n<p>03 AUG\u00a0 \u00a0 O.Z.O.R.A Fesztiv\u00e1l, D\u00e1dpuszta<\/p>\n<p>28 JUL\u00a0 \u00a0 \u00a0 O.Z.O.R.A. Fesztiv\u00e1l, D\u00e1dpuszta<\/p>\n<p>22 JUN\u00a0 \u00a0 \u00a0DAAD Fesztiv\u00e1l, D\u00e1dpuszta<\/p>\n<p>07 JUN\u00a0 \u00a0 \u00a0SXSW London, London (GB)<\/p>\n<p>18 MAR\u00a0 \u00a0 \u00a0Morphine Raum, Berlin (G)<span>\u2014 supporting Abul Mogard and Rafael Anton Irisarri<\/span><\/p>\n<\/div><\/div>\n\n<div class=\"et_pb_text_4 et_pb_text et_pb_bg_layout_light et_pb_module et_block_module\"><div class=\"et_pb_text_inner\"><p>2024<\/p>\n<p>02 AUG\u00a0 \u00a0 O.Z.O.R.A. Fesztiv\u00e1l, D\u00e1dpuszta<\/p>\n<p>05 JUL\u00a0 \u00a0 \u00a0Kolor\u00e1d\u00f3 Fesztiv\u00e1l, Nagykov\u00e1csi<\/p>\n<p>18 APR\u00a0 \u00a0 \u00a0Traf\u00f3, Budapest<span>\u2014 supporting Abul Mogard<\/span><\/p>\n<p>20 JAN\u00a0 \u00a0 CHB x Vorspiel CTM \/ transmediale, Berlin (G)<\/p>\n<\/div><\/div>\n\n<div class=\"et_pb_text_5 et_pb_text et_pb_bg_layout_light et_pb_module et_block_module\"><div class=\"et_pb_text_inner\"><p>2023<\/p>\n<p>05 OKT\u00a0 \u00a0 \u00a0UH Fest, Budapest<\/p>\n<p>05 AUG\u00a0 \u00a0 \u00a0O.Z.O.R.A. Fesztiv\u00e1l, D\u00e1dpuszta<\/p>\n<p>22 JUL\u00a0 \u00a0 \u00a0 \u00a0M\u0171v\u00e9sztelep, Magyarpol\u00e1ny<br \/><em>\u00a0 \u00a0 \u00a0 \u00a0 \u00a0 \u00a0 \u00a0 \u00a0 \u00a0 \u00a0 Action painting, Collaboration with contemporary painters<\/em><\/p>\n<\/div><\/div>\n\n<div class=\"et_pb_text_6 et_pb_text et_pb_bg_layout_light et_pb_module et_block_module\"><div class=\"et_pb_text_inner\"><p>2022<\/p>\n<p>04 NOV\u00a0 \u00a0 \u00a0INTONAL Winter Assembly, Malm\u00f6 (SE)<span>\u2014 supporting Abul Mogard<\/span><\/p>\n<p>20 AUG\u00a0 \u00a0 \u00a0PLX Fesztiv\u00e1l, Tjar\u00f6 (SE)<\/p>\n<p>22 JUL\u00a0 \u00a0 \u00a0 \u00a0M\u0171v\u00e9sztelep, Magyarpol\u00e1ny<br \/><em>\u00a0 \u00a0 \u00a0 \u00a0 \u00a0 \u00a0 \u00a0 \u00a0 \u00a0 \u00a0 Action painting, Collaboration with contemporary painters<\/em><\/p>\n<p>04 FEB\u00a0 \u00a0 \u00a0Inkonst, Malm\u00f6 (SE)<\/p>\n<\/div><\/div>\n\n<div class=\"et_pb_text_7 et_pb_text et_pb_bg_layout_light et_pb_module et_block_module\"><div class=\"et_pb_text_inner\"><p>2021<\/p>\n<p>03 OKT\u00a0 \u00a0 \u00a0 Blue Noise Fesztiv\u00e1l, Essen (G)<\/p>\n<\/div><\/div>\n\n<div class=\"et_pb_text_8 et_pb_text et_pb_bg_layout_light et_pb_module et_block_module\"><div class=\"et_pb_text_inner\"><p>2018<\/p>\n<p>28 JUN\u00a0 \u00a0 \u00a0 ALGORYTHMS, P\u00e9cs<br \/>\u00a0 \u00a0 \u00a0 \u00a0 \u00a0 \u00a0 \u00a0 \u00a0 \u00a0 \u00a0 <em>24 houres long MaxMSP\/Jitter generative piece<\/em><\/p>\n<\/div><\/div>\n\n<div class=\"et_pb_text_9 et_pb_text et_pb_bg_layout_light et_pb_module et_block_module\"><div class=\"et_pb_text_inner\"><p>2017<\/p>\n<p>06 MAY\u00a0 \u00a0 \u00a0Liszt Ferenc\u00a0 Zenem\u0171v\u00e9szeti Egyetem, Budapest<br \/><em>\u00a0 \u00a0 \u00a0 \u00a0 \u00a0 \u00a0 \u00a0 \u00a0 \u00a0 \u00a0 Ungv\u00e1ry Tam\u00e1s Masterclass Closing Concert<\/em><\/p>\n<\/div><\/div>\n<\/div>\n<\/div>\n<\/div>","protected":false},"excerpt":{"rendered":"","protected":false},"author":1,"featured_media":0,"parent":0,"menu_order":0,"comment_status":"closed","ping_status":"closed","template":"","meta":{"footnotes":""},"class_list":["post-27","page","type-page","status-publish","hentry"],"_links":{"self":[{"href":"https:\/\/swanasa.com\/en\/wp-json\/wp\/v2\/pages\/27","targetHints":{"allow":["GET"]}}],"collection":[{"href":"https:\/\/swanasa.com\/en\/wp-json\/wp\/v2\/pages"}],"about":[{"href":"https:\/\/swanasa.com\/en\/wp-json\/wp\/v2\/types\/page"}],"author":[{"embeddable":true,"href":"https:\/\/swanasa.com\/en\/wp-json\/wp\/v2\/users\/1"}],"replies":[{"embeddable":true,"href":"https:\/\/swanasa.com\/en\/wp-json\/wp\/v2\/comments?post=27"}],"version-history":[{"count":29,"href":"https:\/\/swanasa.com\/en\/wp-json\/wp\/v2\/pages\/27\/revisions"}],"predecessor-version":[{"id":1082,"href":"https:\/\/swanasa.com\/en\/wp-json\/wp\/v2\/pages\/27\/revisions\/1082"}],"wp:attachment":[{"href":"https:\/\/swanasa.com\/en\/wp-json\/wp\/v2\/media?parent=27"}],"curies":[{"name":"wp","href":"https:\/\/api.w.org\/{rel}","templated":true}]}}